{"id":833,"date":"2025-09-09T01:01:05","date_gmt":"2025-09-08T23:01:05","guid":{"rendered":"https:\/\/dev.acuarioguppy.com\/?page_id=833"},"modified":"2025-10-16T20:25:46","modified_gmt":"2025-10-16T18:25:46","slug":"crustaceo","status":"publish","type":"page","link":"https:\/\/acuarioguppy.com\/?page_id=833","title":{"rendered":"Crust\u00e1ceo"},"content":{"rendered":"\n<div style=\"background-image:url(&#039;https:\/\/acuarioguppy.com\/wp-content\/uploads\/2025\/08\/Aquarium3.jpg&#039;);background-position:25% 69%;background-size:cover;\" class=\"wp-block-group alignwide fondo-pez has-global-padding is-layout-constrained wp-block-group-is-layout-constrained has-background\">\n<div class=\"wp-block-columns is-layout-flex wp-container-core-columns-is-layout-28f84493 wp-block-columns-is-layout-flex\">\n<div class=\"wp-block-column is-layout-flow wp-block-column-is-layout-flow\">\n<figure class=\"wp-block-image size-full foto-banner\" style=\"margin-top:40%;margin-bottom:20%\"><img loading=\"lazy\" decoding=\"async\" width=\"800\" height=\"801\" src=\"https:\/\/acuarioguppy.com\/wp-content\/uploads\/2025\/09\/pescao.png\" alt=\"\" class=\"wp-image-868\"\/><\/figure>\n<\/div>\n\n\n\n<div class=\"wp-block-column is-layout-flow wp-block-column-is-layout-flow\"><\/div>\n\n\n\n<div class=\"wp-block-column is-layout-flow wp-block-column-is-layout-flow\"><\/div>\n<\/div>\n<\/div>\n\n\n\n<figure class=\"wp-block-image size-full curva-pez\"><img loading=\"lazy\" decoding=\"async\" width=\"1920\" height=\"516\" src=\"https:\/\/acuarioguppy.com\/wp-content\/uploads\/2025\/09\/onda.png\" alt=\"\" class=\"wp-image-870\"\/><\/figure>\n\n\n\n<div class=\"wp-block-columns alignfull pez-item is-layout-flex wp-container-core-columns-is-layout-28f84493 wp-block-columns-is-layout-flex\">\n<div class=\"wp-block-column is-layout-flow wp-block-column-is-layout-flow\"><\/div>\n\n\n\n<div class=\"wp-block-column pez-item-col is-layout-flow wp-block-column-is-layout-flow\" style=\"padding-top:5%;padding-left:0\">\n<p class=\"has-text-align-right text-front-crust\" style=\"margin-left:18%;font-size:clamp(28.836px, 1.802rem + ((1vw - 3.2px) * 2.16), 50px);font-style:normal;font-weight:600;text-transform:uppercase\">sobre los crust\u00e1ceos<\/p>\n<\/div>\n\n\n\n<div class=\"wp-block-column pez-item-col is-layout-flow wp-block-column-is-layout-flow\">\n<figure class=\"wp-block-image size-full is-resized\"><img loading=\"lazy\" decoding=\"async\" width=\"1106\" height=\"1107\" src=\"https:\/\/acuarioguppy.com\/wp-content\/uploads\/2025\/08\/crust.png\" alt=\"\" class=\"wp-image-469\" style=\"width:217px;height:auto\"\/><\/figure>\n<\/div>\n<\/div>\n\n\n\n<p class=\"has-text-align-right texto-mini-pez\" style=\"margin-top:2%;margin-right:15%;font-size:12px;font-style:normal;font-weight:500\">Seleccione el crust\u00e1ceo de su inter\u00e9s para m\u00e1s detalles.<\/p>\n\n\n\n<div class=\"wp-block-columns alignfull peces-columna is-layout-flex wp-container-core-columns-is-layout-a4963c5b wp-block-columns-is-layout-flex\" style=\"padding-right:var(--wp--preset--spacing--40);padding-left:var(--wp--preset--spacing--40)\">\n<div class=\"wp-block-column col-shadow pez-columna-col has-background is-layout-flow wp-block-column-is-layout-flow\" style=\"background-color:#d5f5fb;padding-bottom:var(--wp--preset--spacing--20)\">\n<figure class=\"wp-block-image size-full\" style=\"margin-top:var(--wp--preset--spacing--10);margin-right:var(--wp--preset--spacing--10);margin-left:var(--wp--preset--spacing--10)\"><img loading=\"lazy\" decoding=\"async\" width=\"768\" height=\"522\" src=\"https:\/\/acuarioguppy.com\/wp-content\/uploads\/2025\/09\/Gambas-Bloody-Mary.jpg\" alt=\"\" class=\"wp-image-1003\"\/><\/figure>\n\n\n\n<p style=\"margin-left:var(--wp--preset--spacing--10);font-style:normal;font-weight:600\">Gamba Red Fire<\/p>\n\n\n\n<p class=\"text-center\" style=\"margin-right:var(--wp--preset--spacing--10);margin-left:var(--wp--preset--spacing--10)\">Nombre Cient\u00edfico: Neocaridina heteropoda var. \u00abRoja\u00bb. Nombre Com\u00fan: Camar\u00f3n enano rojo, Camar\u00f3n cereza roja&#8230;.<\/p>\n\n\n\n<p style=\"margin-left:var(--wp--preset--spacing--10)\"><strong><a href=\"https:\/\/acuarioguppy.com\/?p=1408\" data-type=\"link\" data-id=\"https:\/\/acuarioguppy.com\/?p=1408\">Leer m\u00e1s<\/a><\/strong><\/p>\n<\/div>\n\n\n\n<div class=\"wp-block-column col-shadow pez-columna-col has-background is-layout-flow wp-block-column-is-layout-flow\" style=\"background-color:#d5f5fb;padding-bottom:var(--wp--preset--spacing--20)\">\n<figure class=\"wp-block-image size-full\" style=\"margin-top:var(--wp--preset--spacing--10);margin-right:var(--wp--preset--spacing--10);margin-left:var(--wp--preset--spacing--10)\"><img loading=\"lazy\" decoding=\"async\" width=\"768\" height=\"522\" src=\"https:\/\/acuarioguppy.com\/wp-content\/uploads\/2025\/09\/Sin-titulo.jpg\" alt=\"\" class=\"wp-image-1004\"\/><\/figure>\n\n\n\n<p style=\"margin-left:var(--wp--preset--spacing--10);font-style:normal;font-weight:600\">Gamba Orange Rili<\/p>\n\n\n\n<p class=\"text-center\" style=\"margin-right:var(--wp--preset--spacing--10);margin-left:var(--wp--preset--spacing--10)\">Nombre Cient\u00edfico: Neocaridina davidi var \u00abOrange Rili\u00bb Nombre Com\u00fan: Camar\u00f3n enano naranja Rili Descripci\u00f3n: El&#8230;<\/p>\n\n\n\n<p style=\"margin-left:var(--wp--preset--spacing--10)\"><strong><a href=\"https:\/\/acuarioguppy.com\/?p=1413\" data-type=\"link\" data-id=\"https:\/\/acuarioguppy.com\/?p=1413\">Leer m\u00e1s<\/a><\/strong><\/p>\n<\/div>\n\n\n\n<div class=\"wp-block-column col-shadow pez-columna-col has-background is-layout-flow wp-block-column-is-layout-flow\" style=\"background-color:#d5f5fb;padding-bottom:var(--wp--preset--spacing--20)\">\n<figure class=\"wp-block-image size-full\" style=\"margin-top:var(--wp--preset--spacing--10);margin-right:var(--wp--preset--spacing--10);margin-left:var(--wp--preset--spacing--10)\"><img loading=\"lazy\" decoding=\"async\" width=\"768\" height=\"522\" src=\"https:\/\/acuarioguppy.com\/wp-content\/uploads\/2025\/09\/Gamba-Black.jpg\" alt=\"\" class=\"wp-image-1005\"\/><\/figure>\n\n\n\n<p style=\"margin-left:var(--wp--preset--spacing--10);font-style:normal;font-weight:600\">Gamba Negra<\/p>\n\n\n\n<p class=\"text-center\" style=\"margin-right:var(--wp--preset--spacing--10);margin-left:var(--wp--preset--spacing--10)\">Nombre Cient\u00edfico: Neocaridina heteropoda var \u00abBlack\u00bb Nombre Com\u00fan: Camar\u00f3n Enano Black Descripci\u00f3n: Los camarones&#8230;<\/p>\n\n\n\n<p style=\"margin-left:var(--wp--preset--spacing--10)\"><strong><a href=\"https:\/\/acuarioguppy.com\/?p=1419\" data-type=\"link\" data-id=\"https:\/\/acuarioguppy.com\/?p=1419\">Leer m\u00e1s<\/a><\/strong><\/p>\n<\/div>\n<\/div>\n\n\n\n<div class=\"wp-block-columns alignfull peces-columna is-layout-flex wp-container-core-columns-is-layout-a4963c5b wp-block-columns-is-layout-flex\" style=\"padding-right:var(--wp--preset--spacing--40);padding-left:var(--wp--preset--spacing--40)\">\n<div class=\"wp-block-column col-shadow pez-columna-col has-background is-layout-flow wp-block-column-is-layout-flow\" style=\"background-color:#d5f5fb;padding-bottom:var(--wp--preset--spacing--20)\">\n<figure class=\"wp-block-image size-full\" style=\"margin-top:var(--wp--preset--spacing--10);margin-right:var(--wp--preset--spacing--10);margin-left:var(--wp--preset--spacing--10)\"><img loading=\"lazy\" decoding=\"async\" width=\"768\" height=\"522\" src=\"https:\/\/acuarioguppy.com\/wp-content\/uploads\/2025\/09\/Gamba.jpg\" alt=\"\" class=\"wp-image-1007\"\/><\/figure>\n\n\n\n<p style=\"margin-left:var(--wp--preset--spacing--10);font-style:normal;font-weight:600\">Gamba Blue Diamond<\/p>\n\n\n\n<p class=\"text-center\" style=\"margin-right:var(--wp--preset--spacing--10);margin-left:var(--wp--preset--spacing--10)\">Nombre Cient\u00edfico: Neocaridina davidi var \u00abBlue Diamond\u00bbNombre Com\u00fan: Camar\u00f3n Enano Blue Diamond Descripci\u00f3n: Los&#8230;<\/p>\n\n\n\n<p style=\"margin-left:var(--wp--preset--spacing--10)\"><strong><a href=\"https:\/\/acuarioguppy.com\/?p=1419\" data-type=\"link\" data-id=\"https:\/\/acuarioguppy.com\/?p=1419\">Leer m\u00e1s<\/a><\/strong><\/p>\n<\/div>\n\n\n\n<div class=\"wp-block-column col-shadow pez-columna-col has-background is-layout-flow wp-block-column-is-layout-flow\" style=\"background-color:#d5f5fb;padding-bottom:var(--wp--preset--spacing--20)\">\n<figure class=\"wp-block-image size-full\" style=\"margin-top:var(--wp--preset--spacing--10);margin-right:var(--wp--preset--spacing--10);margin-left:var(--wp--preset--spacing--10)\"><img loading=\"lazy\" decoding=\"async\" width=\"768\" height=\"522\" src=\"https:\/\/acuarioguppy.com\/wp-content\/uploads\/2025\/09\/caracol-helena-anentome-helena.jpg\" alt=\"\" class=\"wp-image-1008\"\/><\/figure>\n\n\n\n<p style=\"margin-left:var(--wp--preset--spacing--10);font-style:normal;font-weight:600\">Caracol Anentome Helena<\/p>\n\n\n\n<p class=\"text-center\" style=\"margin-right:var(--wp--preset--spacing--10);margin-left:var(--wp--preset--spacing--10)\">Nombre Cient\u00edfico: Anentome helena Nombre Com\u00fan: Caracol asesino de planorbis Descripci\u00f3n: El caracol Anentome Helena,&#8230;<\/p>\n\n\n\n<p style=\"margin-left:var(--wp--preset--spacing--10)\"><strong><a href=\"https:\/\/acuarioguppy.com\/?p=1427\" data-type=\"link\" data-id=\"https:\/\/acuarioguppy.com\/?p=1427\">Leer m\u00e1s<\/a><\/strong><\/p>\n<\/div>\n\n\n\n<div class=\"wp-block-column col-shadow pez-columna-col has-background is-layout-flow wp-block-column-is-layout-flow\" style=\"background-color:#d5f5fb;padding-bottom:var(--wp--preset--spacing--20)\">\n<figure class=\"wp-block-image size-full\" style=\"margin-top:var(--wp--preset--spacing--10);margin-right:var(--wp--preset--spacing--10);margin-left:var(--wp--preset--spacing--10)\"><img loading=\"lazy\" decoding=\"async\" width=\"768\" height=\"522\" src=\"https:\/\/acuarioguppy.com\/wp-content\/uploads\/2025\/09\/caracol-manzana-rayado.jpg\" alt=\"\" class=\"wp-image-1010\"\/><\/figure>\n\n\n\n<p style=\"margin-left:var(--wp--preset--spacing--10);font-style:normal;font-weight:600\">Caracol Manzana<\/p>\n\n\n\n<p class=\"text-center\" style=\"margin-right:var(--wp--preset--spacing--10);margin-left:var(--wp--preset--spacing--10)\">Nombre Cient\u00edfico: Pomacea bridgesii Son caracoles de agua dulce de numerosas \u00e1reas tropicales de todo el mundo y&#8230;<\/p>\n\n\n\n<p style=\"margin-left:var(--wp--preset--spacing--10)\"><strong><a href=\"https:\/\/acuarioguppy.com\/?p=1432\" data-type=\"link\" data-id=\"https:\/\/acuarioguppy.com\/?p=1432\">Leer m\u00e1s<\/a><\/strong><\/p>\n<\/div>\n<\/div>\n\n\n\n<div class=\"wp-block-columns fondo-pagina-crusta is-layout-flex wp-container-core-columns-is-layout-45c10ec9 wp-block-columns-is-layout-flex\" style=\"margin-top:var(--wp--preset--spacing--60);margin-bottom:var(--wp--preset--spacing--60)\">\n<div class=\"wp-block-column is-vertically-aligned-center has-global-padding is-content-justification-left is-layout-constrained wp-container-core-column-is-layout-9498b020 wp-block-column-is-layout-constrained\" style=\"padding-bottom:var(--wp--preset--spacing--20);padding-left:var(--wp--preset--spacing--10)\">\n<figure class=\"wp-block-image size-large is-resized\" style=\"margin-left:0\"><img decoding=\"async\" src=\"https:\/\/acuarioguppy.com\/wp-content\/uploads\/2025\/08\/CRUSTA.png\" alt=\"\" style=\"width:897px;height:auto\"\/><\/figure>\n<\/div>\n<\/div>\n\n\n\n<div class=\"wp-block-columns is-layout-flex wp-container-core-columns-is-layout-28f84493 wp-block-columns-is-layout-flex\">\n<div class=\"wp-block-column is-layout-flow wp-block-column-is-layout-flow\" style=\"flex-basis:100%\">\n<div class=\"wp-block-buttons alignfull buttom-pez is-content-justification-left is-layout-flex wp-container-core-buttons-is-layout-49b10ee3 wp-block-buttons-is-layout-flex\" style=\"margin-top:0;padding-left:var(--wp--preset--spacing--10)\">\n<div class=\"wp-block-button boton-pez-regresar is-style-outline is-style-outline--1\"><a class=\"wp-block-button__link has-white-color has-text-color has-background has-link-color wp-element-button\" href=\"https:\/\/acuarioguppy.com\" style=\"border-radius:0px;background-color:#0da276\">Regresar<\/a><\/div>\n<\/div>\n<\/div>\n\n\n\n<div class=\"wp-block-column is-layout-flow wp-block-column-is-layout-flow\"><\/div>\n<\/div>\n","protected":false},"excerpt":{"rendered":"<p>sobre los crust\u00e1ceos Seleccione el crust\u00e1ceo de su inter\u00e9s para m\u00e1s detalles. Gamba Red Fire Nombre Cient\u00edfico: Neocaridina heteropoda var. \u00abRoja\u00bb. Nombre Com\u00fan: Camar\u00f3n enano rojo, Camar\u00f3n cereza roja&#8230;. Leer m\u00e1s Gamba Orange Rili Nombre Cient\u00edfico: Neocaridina davidi var \u00abOrange Rili\u00bb Nombre Com\u00fan: Camar\u00f3n enano naranja Rili Descripci\u00f3n: El&#8230; Leer m\u00e1s Gamba Negra Nombre Cient\u00edfico: [&hellip;]<\/p>\n","protected":false},"author":1,"featured_media":0,"parent":0,"menu_order":0,"comment_status":"closed","ping_status":"closed","template":"full-width","meta":{"footnotes":""},"class_list":["post-833","page","type-page","status-publish","hentry"],"_links":{"self":[{"href":"https:\/\/acuarioguppy.com\/index.php?rest_route=\/wp\/v2\/pages\/833","targetHints":{"allow":["GET"]}}],"collection":[{"href":"https:\/\/acuarioguppy.com\/index.php?rest_route=\/wp\/v2\/pages"}],"about":[{"href":"https:\/\/acuarioguppy.com\/index.php?rest_route=\/wp\/v2\/types\/page"}],"author":[{"embeddable":true,"href":"https:\/\/acuarioguppy.com\/index.php?rest_route=\/wp\/v2\/users\/1"}],"replies":[{"embeddable":true,"href":"https:\/\/acuarioguppy.com\/index.php?rest_route=%2Fwp%2Fv2%2Fcomments&post=833"}],"version-history":[{"count":35,"href":"https:\/\/acuarioguppy.com\/index.php?rest_route=\/wp\/v2\/pages\/833\/revisions"}],"predecessor-version":[{"id":1744,"href":"https:\/\/acuarioguppy.com\/index.php?rest_route=\/wp\/v2\/pages\/833\/revisions\/1744"}],"wp:attachment":[{"href":"https:\/\/acuarioguppy.com\/index.php?rest_route=%2Fwp%2Fv2%2Fmedia&parent=833"}],"curies":[{"name":"wp","href":"https:\/\/api.w.org\/{rel}","templated":true}]}}