{"id":819,"date":"2025-09-09T00:35:58","date_gmt":"2025-09-08T22:35:58","guid":{"rendered":"https:\/\/dev.acuarioguppy.com\/?page_id=819"},"modified":"2025-10-16T21:05:04","modified_gmt":"2025-10-16T19:05:04","slug":"plantas-2","status":"publish","type":"page","link":"https:\/\/acuarioguppy.com\/?page_id=819","title":{"rendered":"Plantas"},"content":{"rendered":"\n<div style=\"background-image:url(&#039;https:\/\/acuarioguppy.com\/wp-content\/uploads\/2025\/09\/plants.jpeg&#039;);background-position:81% 33%;background-size:cover;\" class=\"wp-block-group alignwide fondo-pez has-global-padding is-layout-constrained wp-block-group-is-layout-constrained has-background\">\n<div class=\"wp-block-columns is-layout-flex wp-container-core-columns-is-layout-28f84493 wp-block-columns-is-layout-flex\">\n<div class=\"wp-block-column is-layout-flow wp-block-column-is-layout-flow\">\n<figure class=\"wp-block-image size-full foto-banner\" style=\"margin-top:40%;margin-bottom:20%\"><img loading=\"lazy\" decoding=\"async\" width=\"800\" height=\"801\" src=\"https:\/\/acuarioguppy.com\/wp-content\/uploads\/2025\/10\/image.png\" alt=\"\" class=\"wp-image-1741\" srcset=\"https:\/\/acuarioguppy.com\/wp-content\/uploads\/2025\/10\/image.png 800w, https:\/\/acuarioguppy.com\/wp-content\/uploads\/2025\/10\/image-300x300.png 300w, https:\/\/acuarioguppy.com\/wp-content\/uploads\/2025\/10\/image-150x150.png 150w, https:\/\/acuarioguppy.com\/wp-content\/uploads\/2025\/10\/image-768x769.png 768w\" sizes=\"auto, (max-width: 800px) 100vw, 800px\" \/><\/figure>\n<\/div>\n\n\n\n<div class=\"wp-block-column is-layout-flow wp-block-column-is-layout-flow\"><\/div>\n\n\n\n<div class=\"wp-block-column is-layout-flow wp-block-column-is-layout-flow\"><\/div>\n<\/div>\n<\/div>\n\n\n\n<div class=\"wp-block-group banner has-global-padding is-layout-constrained wp-block-group-is-layout-constrained\" style=\"margin-top:0;margin-bottom:0;padding-top:0\">\n<div class=\"wp-block-columns alignfull is-layout-flex wp-container-core-columns-is-layout-28f84493 wp-block-columns-is-layout-flex\">\n<div class=\"wp-block-column is-vertically-aligned-center is-layout-flow wp-block-column-is-layout-flow\" style=\"flex-basis:100%\">\n<figure class=\"wp-block-image size-large curva-pez\"><img decoding=\"async\" src=\"https:\/\/acuarioguppy.com\/wp-content\/uploads\/2025\/09\/onda.png\" alt=\"\"\/><\/figure>\n<\/div>\n<\/div>\n<\/div>\n\n\n\n<div class=\"wp-block-columns alignfull pez-item is-layout-flex wp-container-core-columns-is-layout-28f84493 wp-block-columns-is-layout-flex\">\n<div class=\"wp-block-column is-layout-flow wp-block-column-is-layout-flow\"><\/div>\n\n\n\n<div class=\"wp-block-column pez-item-col is-layout-flow wp-block-column-is-layout-flow\" style=\"padding-top:5%;padding-left:0\">\n<p class=\"has-text-align-right text-front-planta\" style=\"margin-left:36%;font-size:clamp(28.836px, 1.802rem + ((1vw - 3.2px) * 2.16), 50px);font-style:normal;font-weight:600;text-transform:uppercase\">sobre las plantas<\/p>\n<\/div>\n\n\n\n<div class=\"wp-block-column pez-item-col is-layout-flow wp-block-column-is-layout-flow\">\n<figure class=\"wp-block-image size-large is-resized\"><img decoding=\"async\" src=\"https:\/\/acuarioguppy.com\/wp-content\/uploads\/2025\/08\/plantas.png\" alt=\"\" style=\"width:217px;height:auto\"\/><\/figure>\n<\/div>\n<\/div>\n\n\n\n<p class=\"has-text-align-right texto-mini-pez\" style=\"margin-top:2%;margin-right:15%;font-size:12px;font-style:normal;font-weight:500\">Seleccione la planta de su inter\u00e9s para m\u00e1s detalles.<\/p>\n\n\n\n<div class=\"wp-block-columns alignfull peces-columna is-layout-flex wp-container-core-columns-is-layout-a4963c5b wp-block-columns-is-layout-flex\" style=\"padding-right:var(--wp--preset--spacing--40);padding-left:var(--wp--preset--spacing--40)\">\n<div class=\"wp-block-column col-shadow pez-columna-col has-background is-layout-flow wp-block-column-is-layout-flow\" style=\"background-color:#d5f5fb;padding-bottom:var(--wp--preset--spacing--20)\">\n<figure class=\"wp-block-image size-full\" style=\"margin-top:var(--wp--preset--spacing--10);margin-right:var(--wp--preset--spacing--10);margin-left:var(--wp--preset--spacing--10)\"><img loading=\"lazy\" decoding=\"async\" width=\"768\" height=\"522\" src=\"https:\/\/acuarioguppy.com\/wp-content\/uploads\/2025\/09\/Althernathera-min.png\" alt=\"\" class=\"wp-image-985\"\/><\/figure>\n\n\n\n<p style=\"margin-left:var(--wp--preset--spacing--10);font-style:normal;font-weight:600\">Alternanthera Red Mini<\/p>\n\n\n\n<p class=\"text-center\" style=\"margin-right:var(--wp--preset--spacing--10);margin-left:var(--wp--preset--spacing--10)\">Nombre Cient\u00edfico: Alternanthera reineckii \u201cMini\u201d. Tambi\u00e9n conocida como Alternanthera red mini, es una planta de&#8230;<\/p>\n\n\n\n<p style=\"margin-left:var(--wp--preset--spacing--10)\"><strong><a href=\"https:\/\/acuarioguppy.com\/?p=1355\" data-type=\"link\" data-id=\"https:\/\/acuarioguppy.com\/?p=1355\">Leer m\u00e1s<\/a><\/strong><\/p>\n<\/div>\n\n\n\n<div class=\"wp-block-column col-shadow pez-columna-col has-background is-layout-flow wp-block-column-is-layout-flow\" style=\"background-color:#d5f5fb;padding-bottom:var(--wp--preset--spacing--20)\">\n<figure class=\"wp-block-image size-full\" style=\"margin-top:var(--wp--preset--spacing--10);margin-right:var(--wp--preset--spacing--10);margin-left:var(--wp--preset--spacing--10)\"><img loading=\"lazy\" decoding=\"async\" width=\"768\" height=\"522\" src=\"https:\/\/acuarioguppy.com\/wp-content\/uploads\/2025\/09\/musgo-de-java-vesicularia-dubyana.jpg\" alt=\"\" class=\"wp-image-986\"\/><\/figure>\n\n\n\n<p style=\"margin-left:var(--wp--preset--spacing--10);font-style:normal;font-weight:600\">Musgo de Java<\/p>\n\n\n\n<p class=\"text-center\" style=\"margin-right:var(--wp--preset--spacing--10);margin-left:var(--wp--preset--spacing--10)\">Nombre Cient\u00edfico: Vesicularia dubyana El c\u00e9lebre Musgo de Java, pertenece a la familia de las Vesicularia. Es una de&#8230;<\/p>\n\n\n\n<p style=\"margin-left:var(--wp--preset--spacing--10)\"><strong><a href=\"https:\/\/dev.acuarioguppy.com\/?p=1360\" data-type=\"link\" data-id=\"https:\/\/dev.acuarioguppy.com\/?p=1360\">Leer m<\/a><a href=\"https:\/\/acuarioguppy.com\/?p=1360\" data-type=\"link\" data-id=\"https:\/\/acuarioguppy.com\/?p=1360\">\u00e1<\/a><a href=\"https:\/\/dev.acuarioguppy.com\/?p=1360\" data-type=\"link\" data-id=\"https:\/\/dev.acuarioguppy.com\/?p=1360\">s<\/a><\/strong><\/p>\n<\/div>\n\n\n\n<div class=\"wp-block-column col-shadow pez-columna-col has-background is-layout-flow wp-block-column-is-layout-flow\" style=\"background-color:#d5f5fb;padding-bottom:var(--wp--preset--spacing--20)\">\n<figure class=\"wp-block-image size-full\" style=\"margin-top:var(--wp--preset--spacing--10);margin-right:var(--wp--preset--spacing--10);margin-left:var(--wp--preset--spacing--10)\"><img loading=\"lazy\" decoding=\"async\" width=\"768\" height=\"522\" src=\"https:\/\/acuarioguppy.com\/wp-content\/uploads\/2025\/09\/esquejes-de-bacopa-monnieri.png\" alt=\"\" class=\"wp-image-987\"\/><\/figure>\n\n\n\n<p style=\"margin-left:var(--wp--preset--spacing--10);font-style:normal;font-weight:600\">Bacopa<\/p>\n\n\n\n<p class=\"text-center\" style=\"margin-right:var(--wp--preset--spacing--10);margin-left:var(--wp--preset--spacing--10)\">Nombre Cient\u00edfico: BACOPA MONNIERI La Bacopa son hierbas frecuentemente acu\u00e1ticas, erectas o postradas, generalmente&#8230;<\/p>\n\n\n\n<p style=\"margin-left:var(--wp--preset--spacing--10)\"><strong><a href=\"https:\/\/acuarioguppy.com\/?p=1367\" data-type=\"link\" data-id=\"https:\/\/acuarioguppy.com\/?p=1367\">Leer m\u00e1s<\/a><\/strong><\/p>\n<\/div>\n<\/div>\n\n\n\n<div class=\"wp-block-columns alignfull peces-columna is-layout-flex wp-container-core-columns-is-layout-a4963c5b wp-block-columns-is-layout-flex\" style=\"padding-right:var(--wp--preset--spacing--40);padding-left:var(--wp--preset--spacing--40)\">\n<div class=\"wp-block-column col-shadow pez-columna-col has-background is-layout-flow wp-block-column-is-layout-flow\" style=\"background-color:#d5f5fb;padding-bottom:var(--wp--preset--spacing--20)\">\n<figure class=\"wp-block-image size-full\" style=\"margin-top:var(--wp--preset--spacing--10);margin-right:var(--wp--preset--spacing--10);margin-left:var(--wp--preset--spacing--10)\"><img loading=\"lazy\" decoding=\"async\" width=\"768\" height=\"522\" src=\"https:\/\/acuarioguppy.com\/wp-content\/uploads\/2025\/09\/Cabomba-2.png\" alt=\"\" class=\"wp-image-988\"\/><\/figure>\n\n\n\n<p style=\"margin-left:var(--wp--preset--spacing--10);font-style:normal;font-weight:600\">Cabomba Caroliniana<\/p>\n\n\n\n<p class=\"text-center\" style=\"margin-right:var(--wp--preset--spacing--10);margin-left:var(--wp--preset--spacing--10)\">Nombre Cient\u00edfico: Cabomba Caroliniana. Es una planta acu\u00e1tica nativa de Argentina y Uruguay, que crece sumergida en&#8230;<\/p>\n\n\n\n<p style=\"margin-left:var(--wp--preset--spacing--10)\"><strong><a href=\"https:\/\/acuarioguppy.com\/?p=1371\" data-type=\"link\" data-id=\"https:\/\/acuarioguppy.com\/?p=1371\">Leer m\u00e1s<\/a><\/strong><\/p>\n<\/div>\n\n\n\n<div class=\"wp-block-column col-shadow pez-columna-col has-background is-layout-flow wp-block-column-is-layout-flow\" style=\"background-color:#d5f5fb;padding-bottom:var(--wp--preset--spacing--20)\">\n<figure class=\"wp-block-image size-full\" style=\"margin-top:var(--wp--preset--spacing--10);margin-right:var(--wp--preset--spacing--10);margin-left:var(--wp--preset--spacing--10)\"><img loading=\"lazy\" decoding=\"async\" width=\"768\" height=\"522\" src=\"https:\/\/acuarioguppy.com\/wp-content\/uploads\/2025\/09\/Echinodorus-Espada-Amazonica-2.jpg\" alt=\"\" class=\"wp-image-989\"\/><\/figure>\n\n\n\n<p style=\"margin-left:var(--wp--preset--spacing--10);font-style:normal;font-weight:600\">Espada Amazonica<\/p>\n\n\n\n<p class=\"text-center\" style=\"margin-right:var(--wp--preset--spacing--10);margin-left:var(--wp--preset--spacing--10)\">Nombre Cient\u00edfico: &nbsp;Echinodorus Amazonicus La Echinodorus, o Espada Amaz\u00f3nica, es una planta de acuario elegante y&#8230;<\/p>\n\n\n\n<p style=\"margin-left:var(--wp--preset--spacing--10)\"><strong><a href=\"https:\/\/acuarioguppy.com\/?p=1377\" data-type=\"link\" data-id=\"https:\/\/acuarioguppy.com\/?p=1377\">Leer m\u00e1s<\/a><\/strong><\/p>\n<\/div>\n\n\n\n<div class=\"wp-block-column col-shadow pez-columna-col has-background is-layout-flow wp-block-column-is-layout-flow\" style=\"background-color:#d5f5fb;padding-bottom:var(--wp--preset--spacing--20)\">\n<figure class=\"wp-block-image size-full\" style=\"margin-top:var(--wp--preset--spacing--10);margin-right:var(--wp--preset--spacing--10);margin-left:var(--wp--preset--spacing--10)\"><img loading=\"lazy\" decoding=\"async\" width=\"768\" height=\"522\" src=\"https:\/\/acuarioguppy.com\/wp-content\/uploads\/2025\/09\/elodea.jpg\" alt=\"\" class=\"wp-image-990\"\/><\/figure>\n\n\n\n<p style=\"margin-left:var(--wp--preset--spacing--10);font-style:normal;font-weight:600\">Elodea<\/p>\n\n\n\n<p class=\"text-center\" style=\"margin-right:var(--wp--preset--spacing--10);margin-left:var(--wp--preset--spacing--10)\">Nombre Cient\u00edfico: Elodea La elodea se trata de una planta acu\u00e1tica \u00fatil para acuarios y estanques. Proporciona una&#8230;<\/p>\n\n\n\n<p style=\"margin-left:var(--wp--preset--spacing--10)\"><strong><a href=\"https:\/\/acuarioguppy.com\/?p=1382\" data-type=\"link\" data-id=\"https:\/\/acuarioguppy.com\/?p=1382\">Leer m\u00e1s<\/a><\/strong><\/p>\n<\/div>\n<\/div>\n\n\n\n<div class=\"wp-block-columns alignfull peces-columna is-layout-flex wp-container-core-columns-is-layout-a4963c5b wp-block-columns-is-layout-flex\" style=\"padding-right:var(--wp--preset--spacing--40);padding-left:var(--wp--preset--spacing--40)\">\n<div class=\"wp-block-column col-shadow pez-columna-col has-background is-layout-flow wp-block-column-is-layout-flow\" style=\"background-color:#d5f5fb;padding-bottom:var(--wp--preset--spacing--20)\">\n<figure class=\"wp-block-image size-full\" style=\"margin-top:var(--wp--preset--spacing--10);margin-right:var(--wp--preset--spacing--10);margin-left:var(--wp--preset--spacing--10)\"><img loading=\"lazy\" decoding=\"async\" width=\"768\" height=\"522\" src=\"https:\/\/acuarioguppy.com\/wp-content\/uploads\/2025\/09\/Ceratopteris-pteridoides-05.jpg\" alt=\"\" class=\"wp-image-991\"\/><\/figure>\n\n\n\n<p style=\"margin-left:var(--wp--preset--spacing--10);font-style:normal;font-weight:600\">Helecho Japones<\/p>\n\n\n\n<p class=\"text-center\" style=\"margin-right:var(--wp--preset--spacing--10);margin-left:var(--wp--preset--spacing--10)\">Nombre Cient\u00edfico: Ceratopteris thalicroides. Pertenece al G\u00e9nero Ceratopteris&nbsp; que es un g\u00e9nero de helechos que&#8230;<\/p>\n\n\n\n<p style=\"margin-left:var(--wp--preset--spacing--10)\"><strong><a href=\"https:\/\/acuarioguppy.com\/?p=1386\" data-type=\"link\" data-id=\"https:\/\/dev.acuarioguppy.com\/?p=1386\">Leer m\u00e1s<\/a><\/strong><\/p>\n<\/div>\n\n\n\n<div class=\"wp-block-column col-shadow pez-columna-col has-background is-layout-flow wp-block-column-is-layout-flow\" style=\"background-color:#d5f5fb;padding-bottom:var(--wp--preset--spacing--20)\">\n<figure class=\"wp-block-image size-full\" style=\"margin-top:var(--wp--preset--spacing--10);margin-right:var(--wp--preset--spacing--10);margin-left:var(--wp--preset--spacing--10)\"><img loading=\"lazy\" decoding=\"async\" width=\"768\" height=\"522\" src=\"https:\/\/acuarioguppy.com\/wp-content\/uploads\/2025\/09\/Ozelot2.png\" alt=\"\" class=\"wp-image-993\"\/><\/figure>\n\n\n\n<p style=\"margin-left:var(--wp--preset--spacing--10);font-style:normal;font-weight:600\">Ozelot<\/p>\n\n\n\n<p class=\"text-center\" style=\"margin-right:var(--wp--preset--spacing--10);margin-left:var(--wp--preset--spacing--10)\">Nombre Cient\u00edfico: Echinodorus \u2018Ozelot\u2019 Echinodorus \u2018Ozelot\u2019 es una planta de acuario que crece en forma de roseta,&#8230;<\/p>\n\n\n\n<p style=\"margin-left:var(--wp--preset--spacing--10)\"><strong><a href=\"https:\/\/acuarioguppy.com\/?p=1390\" data-type=\"link\" data-id=\"https:\/\/acuarioguppy.com\/?p=1390\">Leer m\u00e1s<\/a><\/strong><\/p>\n<\/div>\n\n\n\n<div class=\"wp-block-column col-shadow pez-columna-col has-background is-layout-flow wp-block-column-is-layout-flow\" style=\"background-color:#d5f5fb;padding-bottom:var(--wp--preset--spacing--20)\">\n<figure class=\"wp-block-image size-full\" style=\"margin-top:var(--wp--preset--spacing--10);margin-right:var(--wp--preset--spacing--10);margin-left:var(--wp--preset--spacing--10)\"><img loading=\"lazy\" decoding=\"async\" width=\"768\" height=\"522\" src=\"https:\/\/acuarioguppy.com\/wp-content\/uploads\/2025\/09\/estolones-de-vallisneria.jpg\" alt=\"\" class=\"wp-image-994\"\/><\/figure>\n\n\n\n<p style=\"margin-left:var(--wp--preset--spacing--10);font-style:normal;font-weight:600\">Vallisneria<\/p>\n\n\n\n<p class=\"text-center\" style=\"margin-right:var(--wp--preset--spacing--10);margin-left:var(--wp--preset--spacing--10)\">La Vallisneria es un grupo de plantas acu\u00e1ticas que s\u00f3lo viven bajo el agua, aunque en ocasiones puede emerger por&#8230;<\/p>\n\n\n\n<p style=\"margin-left:var(--wp--preset--spacing--10)\"><strong><a href=\"https:\/\/acuarioguppy.com\/?p=1394\" data-type=\"link\" data-id=\"https:\/\/acuarioguppy.com\/?p=1394\">Leer m\u00e1s<\/a><\/strong><\/p>\n<\/div>\n<\/div>\n\n\n\n<div class=\"wp-block-columns alignfull peces-columna is-layout-flex wp-container-core-columns-is-layout-069a6c81 wp-block-columns-is-layout-flex\" style=\"margin-bottom:var(--wp--preset--spacing--50);padding-right:var(--wp--preset--spacing--40);padding-left:var(--wp--preset--spacing--40)\">\n<div class=\"wp-block-column col-shadow pez-columna-col has-background is-layout-flow wp-block-column-is-layout-flow\" style=\"background-color:#d5f5fb;padding-bottom:var(--wp--preset--spacing--20)\">\n<figure class=\"wp-block-image size-full\" style=\"margin-top:var(--wp--preset--spacing--10);margin-right:var(--wp--preset--spacing--10);margin-left:var(--wp--preset--spacing--10)\"><img loading=\"lazy\" decoding=\"async\" width=\"768\" height=\"522\" src=\"https:\/\/acuarioguppy.com\/wp-content\/uploads\/2025\/09\/Cuba3.png\" alt=\"\" class=\"wp-image-995\"\/><\/figure>\n\n\n\n<p style=\"margin-left:var(--wp--preset--spacing--10);font-style:normal;font-weight:600\">Cuba<\/p>\n\n\n\n<p class=\"text-center\" style=\"margin-right:var(--wp--preset--spacing--10);margin-left:var(--wp--preset--spacing--10)\">Nombre Cient\u00edfico: Hemianthus Callitrichoides Es una de las plantas de acuario favoritas de los amantes de la&#8230;<\/p>\n\n\n\n<p style=\"margin-left:var(--wp--preset--spacing--10)\"><strong><a href=\"https:\/\/acuarioguppy.com\/?p=1399\" data-type=\"link\" data-id=\"https:\/\/acuarioguppy.com\/?p=1399\">Leer m\u00e1s<\/a><\/strong><\/p>\n<\/div>\n\n\n\n<div class=\"wp-block-column col-shadow pez-columna-col has-background is-layout-flow wp-block-column-is-layout-flow\" style=\"background-color:#d5f5fb;padding-bottom:var(--wp--preset--spacing--20)\">\n<figure class=\"wp-block-image size-full\" style=\"margin-top:var(--wp--preset--spacing--10);margin-right:var(--wp--preset--spacing--10);margin-left:var(--wp--preset--spacing--10)\"><img loading=\"lazy\" decoding=\"async\" width=\"768\" height=\"522\" src=\"https:\/\/acuarioguppy.com\/wp-content\/uploads\/2025\/09\/MOntecarlos.png\" alt=\"\" class=\"wp-image-997\"\/><\/figure>\n\n\n\n<p style=\"margin-left:var(--wp--preset--spacing--10);font-style:normal;font-weight:600\">Monte Carlo<\/p>\n\n\n\n<p class=\"text-center\" style=\"margin-right:var(--wp--preset--spacing--10);margin-left:var(--wp--preset--spacing--10)\">Nombre Cient\u00edfico: Micranthemum Monte Carlo H\u00e1bitat Natural Tambi\u00e9n conocida bajo los nombres de Bacopa \u00abParana-\u00ed&#8230;<\/p>\n\n\n\n<p style=\"margin-left:var(--wp--preset--spacing--10)\"><strong><a href=\"https:\/\/acuarioguppy.com\/?p=1404\" data-type=\"link\" data-id=\"https:\/\/acuarioguppy.com\/?p=1404\">Leer m\u00e1s<\/a><\/strong><\/p>\n<\/div>\n\n\n\n<div class=\"wp-block-column is-layout-flow wp-block-column-is-layout-flow\"><\/div>\n<\/div>\n\n\n\n<div class=\"wp-block-columns fondo-pagina-alga is-layout-flex wp-container-core-columns-is-layout-45c10ec9 wp-block-columns-is-layout-flex\" style=\"margin-top:var(--wp--preset--spacing--60);margin-bottom:var(--wp--preset--spacing--60)\">\n<div class=\"wp-block-column is-vertically-aligned-center has-global-padding is-content-justification-left is-layout-constrained wp-container-core-column-is-layout-d3ad7032 wp-block-column-is-layout-constrained\" style=\"padding-left:var(--wp--preset--spacing--10)\">\n<figure class=\"wp-block-image size-large is-resized\" style=\"margin-left:0\"><img decoding=\"async\" src=\"https:\/\/acuarioguppy.com\/wp-content\/uploads\/2025\/08\/fondoplantas.png\" alt=\"\" style=\"width:733px;height:auto\"\/><\/figure>\n<\/div>\n<\/div>\n\n\n\n<div class=\"wp-block-columns is-layout-flex wp-container-core-columns-is-layout-28f84493 wp-block-columns-is-layout-flex\">\n<div class=\"wp-block-column is-layout-flow wp-block-column-is-layout-flow\" style=\"flex-basis:100%\">\n<div class=\"wp-block-buttons alignfull buttom-pez is-content-justification-left is-layout-flex wp-container-core-buttons-is-layout-49b10ee3 wp-block-buttons-is-layout-flex\" style=\"margin-top:0;padding-left:var(--wp--preset--spacing--10)\">\n<div class=\"wp-block-button boton-pez-regresar is-style-outline is-style-outline--1\"><a class=\"wp-block-button__link has-white-color has-text-color has-background has-link-color wp-element-button\" href=\"https:\/\/acuarioguppy.com\" style=\"border-radius:0px;background-color:#0da276\">Regresar<\/a><\/div>\n<\/div>\n<\/div>\n\n\n\n<div class=\"wp-block-column is-layout-flow wp-block-column-is-layout-flow\"><\/div>\n<\/div>\n","protected":false},"excerpt":{"rendered":"<p>sobre las plantas Seleccione la planta de su inter\u00e9s para m\u00e1s detalles. Alternanthera Red Mini Nombre Cient\u00edfico: Alternanthera reineckii \u201cMini\u201d. Tambi\u00e9n conocida como Alternanthera red mini, es una planta de&#8230; Leer m\u00e1s Musgo de Java Nombre Cient\u00edfico: Vesicularia dubyana El c\u00e9lebre Musgo de Java, pertenece a la familia de las Vesicularia. Es una de&#8230; Leer [&hellip;]<\/p>\n","protected":false},"author":1,"featured_media":0,"parent":0,"menu_order":0,"comment_status":"closed","ping_status":"closed","template":"full-width","meta":{"footnotes":""},"class_list":["post-819","page","type-page","status-publish","hentry"],"_links":{"self":[{"href":"https:\/\/acuarioguppy.com\/index.php?rest_route=\/wp\/v2\/pages\/819","targetHints":{"allow":["GET"]}}],"collection":[{"href":"https:\/\/acuarioguppy.com\/index.php?rest_route=\/wp\/v2\/pages"}],"about":[{"href":"https:\/\/acuarioguppy.com\/index.php?rest_route=\/wp\/v2\/types\/page"}],"author":[{"embeddable":true,"href":"https:\/\/acuarioguppy.com\/index.php?rest_route=\/wp\/v2\/users\/1"}],"replies":[{"embeddable":true,"href":"https:\/\/acuarioguppy.com\/index.php?rest_route=%2Fwp%2Fv2%2Fcomments&post=819"}],"version-history":[{"count":42,"href":"https:\/\/acuarioguppy.com\/index.php?rest_route=\/wp\/v2\/pages\/819\/revisions"}],"predecessor-version":[{"id":1760,"href":"https:\/\/acuarioguppy.com\/index.php?rest_route=\/wp\/v2\/pages\/819\/revisions\/1760"}],"wp:attachment":[{"href":"https:\/\/acuarioguppy.com\/index.php?rest_route=%2Fwp%2Fv2%2Fmedia&parent=819"}],"curies":[{"name":"wp","href":"https:\/\/api.w.org\/{rel}","templated":true}]}}